{"id":129,"date":"2023-01-05T14:06:39","date_gmt":"2023-01-05T14:06:39","guid":{"rendered":"https:\/\/grupgirosoler.cat\/quienes-somos\/"},"modified":"2024-10-02T10:47:13","modified_gmt":"2024-10-02T10:47:13","slug":"qui-som","status":"publish","type":"page","link":"https:\/\/lane-casting.eu\/ca\/qui-som\/","title":{"rendered":"Qui som"},"content":{"rendered":"<p>El nostre enfocament de cada projecte \u00e9s \u00fanic. Ens esforcem per comprendre a la perfecci\u00f3 cada personatge i la visi\u00f3 del director per poder suggerir talents que s&#8217;ajustin a les instruccions i subverteixin les expectatives per trobar la millor persona per al paper.<\/p>\n<p>El nostre objectiu \u00e9s crear un espai segur dins del nostre proc\u00e9s de c\u00e0sting, respectant les perspectives i els l\u00edmits de tots els talents, sovint treballant en estreta col\u00b7laboraci\u00f3 amb els coordinadors d&#8217;intimitat i benestar a les audicions. Practiquem el c\u00e0sting inclusiu, celebrant tots els tipus de diversitat i capacitat, defensant l&#8217;autenticitat i la representaci\u00f3 a les hist\u00f2ries que triem.<\/p>\n<p>El nostre equip est\u00e0 format per especialistes en c\u00e0sting procedents de diversos camps, com el teatre, el disseny, la m\u00fasica, la producci\u00f3 i l&#8217;art, cosa que aporta als nostres projectes una visi\u00f3 creativa i una comprensi\u00f3 del gui\u00f3 i del personatge que ens diferencia de els nostres competidors. Comptar amb un equip homogeni garanteix que tots els projectes es valorin igual i que el nivell de cura i atenci\u00f3 al detall sigui el mateix en tots els nostres treballs.<\/p>\n","protected":false},"excerpt":{"rendered":"<p>El nostre enfocament de cada projecte \u00e9s \u00fanic. Ens esforcem per comprendre a la perfecci\u00f3 cada personatge i la visi\u00f3 del director per poder suggerir talents que s&#8217;ajustin a les instruccions i subverteixin les expectatives per trobar la millor persona per al paper. El nostre objectiu \u00e9s crear un espai segur dins del nostre proc\u00e9s [&hellip;]<\/p>\n","protected":false},"author":1,"featured_media":0,"parent":0,"menu_order":2,"comment_status":"closed","ping_status":"closed","template":"template-aboutus.php","meta":{"footnotes":""},"class_list":["post-129","page","type-page","status-publish","hentry"],"yoast_head":"<!-- This site is optimized with the Yoast SEO plugin v20.9 - https:\/\/yoast.com\/wordpress\/plugins\/seo\/ -->\n<title>Qui som - Lane Casting<\/title>\n<meta name=\"robots\" content=\"index, follow, max-snippet:-1, max-image-preview:large, max-video-preview:-1\" \/>\n<link rel=\"canonical\" href=\"https:\/\/lane-casting.eu\/ca\/qui-som\/\" \/>\n<meta property=\"og:locale\" content=\"ca_ES\" \/>\n<meta property=\"og:type\" content=\"article\" \/>\n<meta property=\"og:title\" content=\"Qui som - Lane Casting\" \/>\n<meta property=\"og:description\" content=\"El nostre enfocament de cada projecte \u00e9s \u00fanic. Ens esforcem per comprendre a la perfecci\u00f3 cada personatge i la visi\u00f3 del director per poder suggerir talents que s&#8217;ajustin a les instruccions i subverteixin les expectatives per trobar la millor persona per al paper. El nostre objectiu \u00e9s crear un espai segur dins del nostre proc\u00e9s [&hellip;]\" \/>\n<meta property=\"og:url\" content=\"https:\/\/lane-casting.eu\/ca\/qui-som\/\" \/>\n<meta property=\"og:site_name\" content=\"Lane Casting\" \/>\n<meta property=\"article:modified_time\" content=\"2024-10-02T10:47:13+00:00\" \/>\n<meta name=\"twitter:card\" content=\"summary_large_image\" \/>\n<meta name=\"twitter:label1\" content=\"Est. reading time\" \/>\n\t<meta name=\"twitter:data1\" content=\"1 minute\" \/>\n<script type=\"application\/ld+json\" class=\"yoast-schema-graph\">{\"@context\":\"https:\/\/schema.org\",\"@graph\":[{\"@type\":\"WebPage\",\"@id\":\"https:\/\/lane-casting.eu\/ca\/qui-som\/\",\"url\":\"https:\/\/lane-casting.eu\/ca\/qui-som\/\",\"name\":\"Qui som - Lane Casting\",\"isPartOf\":{\"@id\":\"https:\/\/lane-casting.eu\/#website\"},\"datePublished\":\"2023-01-05T14:06:39+00:00\",\"dateModified\":\"2024-10-02T10:47:13+00:00\",\"breadcrumb\":{\"@id\":\"https:\/\/lane-casting.eu\/ca\/qui-som\/#breadcrumb\"},\"inLanguage\":\"ca\",\"potentialAction\":[{\"@type\":\"ReadAction\",\"target\":[\"https:\/\/lane-casting.eu\/ca\/qui-som\/\"]}]},{\"@type\":\"BreadcrumbList\",\"@id\":\"https:\/\/lane-casting.eu\/ca\/qui-som\/#breadcrumb\",\"itemListElement\":[{\"@type\":\"ListItem\",\"position\":1,\"name\":\"Portada\",\"item\":\"https:\/\/lane-casting.eu\/ca\/\"},{\"@type\":\"ListItem\",\"position\":2,\"name\":\"Qui som\"}]},{\"@type\":\"WebSite\",\"@id\":\"https:\/\/lane-casting.eu\/#website\",\"url\":\"https:\/\/lane-casting.eu\/\",\"name\":\"Lane Casting\",\"description\":\"\",\"potentialAction\":[{\"@type\":\"SearchAction\",\"target\":{\"@type\":\"EntryPoint\",\"urlTemplate\":\"https:\/\/lane-casting.eu\/?s={search_term_string}\"},\"query-input\":\"required name=search_term_string\"}],\"inLanguage\":\"ca\"}]}<\/script>\n<!-- \/ Yoast SEO plugin. -->","yoast_head_json":{"title":"Qui som - Lane Casting","robots":{"index":"index","follow":"follow","max-snippet":"max-snippet:-1","max-image-preview":"max-image-preview:large","max-video-preview":"max-video-preview:-1"},"canonical":"https:\/\/lane-casting.eu\/ca\/qui-som\/","og_locale":"ca_ES","og_type":"article","og_title":"Qui som - Lane Casting","og_description":"El nostre enfocament de cada projecte \u00e9s \u00fanic. Ens esforcem per comprendre a la perfecci\u00f3 cada personatge i la visi\u00f3 del director per poder suggerir talents que s&#8217;ajustin a les instruccions i subverteixin les expectatives per trobar la millor persona per al paper. El nostre objectiu \u00e9s crear un espai segur dins del nostre proc\u00e9s [&hellip;]","og_url":"https:\/\/lane-casting.eu\/ca\/qui-som\/","og_site_name":"Lane Casting","article_modified_time":"2024-10-02T10:47:13+00:00","twitter_card":"summary_large_image","twitter_misc":{"Est. reading time":"1 minute"},"schema":{"@context":"https:\/\/schema.org","@graph":[{"@type":"WebPage","@id":"https:\/\/lane-casting.eu\/ca\/qui-som\/","url":"https:\/\/lane-casting.eu\/ca\/qui-som\/","name":"Qui som - Lane Casting","isPartOf":{"@id":"https:\/\/lane-casting.eu\/#website"},"datePublished":"2023-01-05T14:06:39+00:00","dateModified":"2024-10-02T10:47:13+00:00","breadcrumb":{"@id":"https:\/\/lane-casting.eu\/ca\/qui-som\/#breadcrumb"},"inLanguage":"ca","potentialAction":[{"@type":"ReadAction","target":["https:\/\/lane-casting.eu\/ca\/qui-som\/"]}]},{"@type":"BreadcrumbList","@id":"https:\/\/lane-casting.eu\/ca\/qui-som\/#breadcrumb","itemListElement":[{"@type":"ListItem","position":1,"name":"Portada","item":"https:\/\/lane-casting.eu\/ca\/"},{"@type":"ListItem","position":2,"name":"Qui som"}]},{"@type":"WebSite","@id":"https:\/\/lane-casting.eu\/#website","url":"https:\/\/lane-casting.eu\/","name":"Lane Casting","description":"","potentialAction":[{"@type":"SearchAction","target":{"@type":"EntryPoint","urlTemplate":"https:\/\/lane-casting.eu\/?s={search_term_string}"},"query-input":"required name=search_term_string"}],"inLanguage":"ca"}]}},"_links":{"self":[{"href":"https:\/\/lane-casting.eu\/ca\/wp-json\/wp\/v2\/pages\/129","targetHints":{"allow":["GET"]}}],"collection":[{"href":"https:\/\/lane-casting.eu\/ca\/wp-json\/wp\/v2\/pages"}],"about":[{"href":"https:\/\/lane-casting.eu\/ca\/wp-json\/wp\/v2\/types\/page"}],"author":[{"embeddable":true,"href":"https:\/\/lane-casting.eu\/ca\/wp-json\/wp\/v2\/users\/1"}],"replies":[{"embeddable":true,"href":"https:\/\/lane-casting.eu\/ca\/wp-json\/wp\/v2\/comments?post=129"}],"version-history":[{"count":3,"href":"https:\/\/lane-casting.eu\/ca\/wp-json\/wp\/v2\/pages\/129\/revisions"}],"predecessor-version":[{"id":200,"href":"https:\/\/lane-casting.eu\/ca\/wp-json\/wp\/v2\/pages\/129\/revisions\/200"}],"wp:attachment":[{"href":"https:\/\/lane-casting.eu\/ca\/wp-json\/wp\/v2\/media?parent=129"}],"curies":[{"name":"wp","href":"https:\/\/api.w.org\/{rel}","templated":true}]}}