{"id":138,"date":"2023-01-05T14:47:15","date_gmt":"2023-01-05T14:47:15","guid":{"rendered":"https:\/\/grupgirosoler.cat\/que-hacemos\/"},"modified":"2024-10-02T10:48:25","modified_gmt":"2024-10-02T10:48:25","slug":"que-fem","status":"publish","type":"page","link":"https:\/\/lane-casting.eu\/ca\/que-fem\/","title":{"rendered":"Qu\u00e8 fem"},"content":{"rendered":"<p>A LANE treballem actualment en m\u00faltiples \u00e0rees com:<\/p>\n<ul>\n<li>Llargmetratges<\/li>\n<li>S\u00e8ries de televisi\u00f3<\/li>\n<li>Curtmetratges<\/li>\n<li>Anuncis<\/li>\n<li>Serveis de streaming i productores<\/li>\n<\/ul>\n<p>&nbsp;<\/p>\n","protected":false},"excerpt":{"rendered":"<p>A LANE treballem actualment en m\u00faltiples \u00e0rees com: Llargmetratges S\u00e8ries de televisi\u00f3 Curtmetratges Anuncis Serveis de streaming i productores &nbsp;<\/p>\n","protected":false},"author":1,"featured_media":0,"parent":0,"menu_order":3,"comment_status":"closed","ping_status":"closed","template":"template-simple.php","meta":{"footnotes":""},"class_list":["post-138","page","type-page","status-publish","hentry"],"yoast_head":"<!-- This site is optimized with the Yoast SEO plugin v20.9 - https:\/\/yoast.com\/wordpress\/plugins\/seo\/ -->\n<title>Qu\u00e8 fem - Lane Casting<\/title>\n<meta name=\"robots\" content=\"index, follow, max-snippet:-1, max-image-preview:large, max-video-preview:-1\" \/>\n<link rel=\"canonical\" href=\"https:\/\/lane-casting.eu\/ca\/que-fem\/\" \/>\n<meta property=\"og:locale\" content=\"ca_ES\" \/>\n<meta property=\"og:type\" content=\"article\" \/>\n<meta property=\"og:title\" content=\"Qu\u00e8 fem - Lane Casting\" \/>\n<meta property=\"og:description\" content=\"A LANE treballem actualment en m\u00faltiples \u00e0rees com: Llargmetratges S\u00e8ries de televisi\u00f3 Curtmetratges Anuncis Serveis de streaming i productores &nbsp;\" \/>\n<meta property=\"og:url\" content=\"https:\/\/lane-casting.eu\/ca\/que-fem\/\" \/>\n<meta property=\"og:site_name\" content=\"Lane Casting\" \/>\n<meta property=\"article:modified_time\" content=\"2024-10-02T10:48:25+00:00\" \/>\n<meta name=\"twitter:card\" content=\"summary_large_image\" \/>\n<meta name=\"twitter:label1\" content=\"Est. reading time\" \/>\n\t<meta name=\"twitter:data1\" content=\"1 minute\" \/>\n<script type=\"application\/ld+json\" class=\"yoast-schema-graph\">{\"@context\":\"https:\/\/schema.org\",\"@graph\":[{\"@type\":\"WebPage\",\"@id\":\"https:\/\/lane-casting.eu\/ca\/que-fem\/\",\"url\":\"https:\/\/lane-casting.eu\/ca\/que-fem\/\",\"name\":\"Qu\u00e8 fem - Lane Casting\",\"isPartOf\":{\"@id\":\"https:\/\/lane-casting.eu\/#website\"},\"datePublished\":\"2023-01-05T14:47:15+00:00\",\"dateModified\":\"2024-10-02T10:48:25+00:00\",\"breadcrumb\":{\"@id\":\"https:\/\/lane-casting.eu\/ca\/que-fem\/#breadcrumb\"},\"inLanguage\":\"ca\",\"potentialAction\":[{\"@type\":\"ReadAction\",\"target\":[\"https:\/\/lane-casting.eu\/ca\/que-fem\/\"]}]},{\"@type\":\"BreadcrumbList\",\"@id\":\"https:\/\/lane-casting.eu\/ca\/que-fem\/#breadcrumb\",\"itemListElement\":[{\"@type\":\"ListItem\",\"position\":1,\"name\":\"Portada\",\"item\":\"https:\/\/lane-casting.eu\/ca\/\"},{\"@type\":\"ListItem\",\"position\":2,\"name\":\"Qu\u00e8 fem\"}]},{\"@type\":\"WebSite\",\"@id\":\"https:\/\/lane-casting.eu\/#website\",\"url\":\"https:\/\/lane-casting.eu\/\",\"name\":\"Lane Casting\",\"description\":\"\",\"potentialAction\":[{\"@type\":\"SearchAction\",\"target\":{\"@type\":\"EntryPoint\",\"urlTemplate\":\"https:\/\/lane-casting.eu\/?s={search_term_string}\"},\"query-input\":\"required name=search_term_string\"}],\"inLanguage\":\"ca\"}]}<\/script>\n<!-- \/ Yoast SEO plugin. -->","yoast_head_json":{"title":"Qu\u00e8 fem - Lane Casting","robots":{"index":"index","follow":"follow","max-snippet":"max-snippet:-1","max-image-preview":"max-image-preview:large","max-video-preview":"max-video-preview:-1"},"canonical":"https:\/\/lane-casting.eu\/ca\/que-fem\/","og_locale":"ca_ES","og_type":"article","og_title":"Qu\u00e8 fem - Lane Casting","og_description":"A LANE treballem actualment en m\u00faltiples \u00e0rees com: Llargmetratges S\u00e8ries de televisi\u00f3 Curtmetratges Anuncis Serveis de streaming i productores &nbsp;","og_url":"https:\/\/lane-casting.eu\/ca\/que-fem\/","og_site_name":"Lane Casting","article_modified_time":"2024-10-02T10:48:25+00:00","twitter_card":"summary_large_image","twitter_misc":{"Est. reading time":"1 minute"},"schema":{"@context":"https:\/\/schema.org","@graph":[{"@type":"WebPage","@id":"https:\/\/lane-casting.eu\/ca\/que-fem\/","url":"https:\/\/lane-casting.eu\/ca\/que-fem\/","name":"Qu\u00e8 fem - Lane Casting","isPartOf":{"@id":"https:\/\/lane-casting.eu\/#website"},"datePublished":"2023-01-05T14:47:15+00:00","dateModified":"2024-10-02T10:48:25+00:00","breadcrumb":{"@id":"https:\/\/lane-casting.eu\/ca\/que-fem\/#breadcrumb"},"inLanguage":"ca","potentialAction":[{"@type":"ReadAction","target":["https:\/\/lane-casting.eu\/ca\/que-fem\/"]}]},{"@type":"BreadcrumbList","@id":"https:\/\/lane-casting.eu\/ca\/que-fem\/#breadcrumb","itemListElement":[{"@type":"ListItem","position":1,"name":"Portada","item":"https:\/\/lane-casting.eu\/ca\/"},{"@type":"ListItem","position":2,"name":"Qu\u00e8 fem"}]},{"@type":"WebSite","@id":"https:\/\/lane-casting.eu\/#website","url":"https:\/\/lane-casting.eu\/","name":"Lane Casting","description":"","potentialAction":[{"@type":"SearchAction","target":{"@type":"EntryPoint","urlTemplate":"https:\/\/lane-casting.eu\/?s={search_term_string}"},"query-input":"required name=search_term_string"}],"inLanguage":"ca"}]}},"_links":{"self":[{"href":"https:\/\/lane-casting.eu\/ca\/wp-json\/wp\/v2\/pages\/138","targetHints":{"allow":["GET"]}}],"collection":[{"href":"https:\/\/lane-casting.eu\/ca\/wp-json\/wp\/v2\/pages"}],"about":[{"href":"https:\/\/lane-casting.eu\/ca\/wp-json\/wp\/v2\/types\/page"}],"author":[{"embeddable":true,"href":"https:\/\/lane-casting.eu\/ca\/wp-json\/wp\/v2\/users\/1"}],"replies":[{"embeddable":true,"href":"https:\/\/lane-casting.eu\/ca\/wp-json\/wp\/v2\/comments?post=138"}],"version-history":[{"count":3,"href":"https:\/\/lane-casting.eu\/ca\/wp-json\/wp\/v2\/pages\/138\/revisions"}],"predecessor-version":[{"id":201,"href":"https:\/\/lane-casting.eu\/ca\/wp-json\/wp\/v2\/pages\/138\/revisions\/201"}],"wp:attachment":[{"href":"https:\/\/lane-casting.eu\/ca\/wp-json\/wp\/v2\/media?parent=138"}],"curies":[{"name":"wp","href":"https:\/\/api.w.org\/{rel}","templated":true}]}}