{"id":80,"date":"2023-01-03T11:31:43","date_gmt":"2023-01-03T11:31:43","guid":{"rendered":"http:\/\/localhost\/selfoods-web\/aviso-legal\/"},"modified":"2024-10-02T10:32:22","modified_gmt":"2024-10-02T10:32:22","slug":"aviso-legal","status":"publish","type":"page","link":"https:\/\/lane-casting.eu\/ca\/aviso-legal\/","title":{"rendered":"Av\u00eds legal"},"content":{"rendered":"<p><strong>Informaci\u00f3 Corporativa:<\/strong><br \/>\nEn virtut de la Llei 34\/2002, de Serveis de la Societat de la Informaci\u00f3 i Comer\u00e7 Electr\u00f2nic, informem que aquesta Web \u00e9s propietat de LANE Casting SL, amb domicili situat a Rambla Catalunya 14, 7\u00ba 2\u00aa, 08007, Barcelona i adre\u00e7a de correu electr\u00f2nic <a title=\"info@lane-casting.com\" href=\"mailto:info@lane-casting.com\" target=\"_blank\" rel=\"nofollow noopener\"><span class=\"email\">info@lane-casting.com<\/span><\/a>. Inscrita al Registre Mercantil de Barcelona<\/p>\n<p><strong>Protecci\u00f3 de Continguts:<\/strong><br \/>\nTot el contingut de la present p\u00e0gina web, inclosos els textos, marques, signes distintius logos, imatges, gr\u00e0fics i dissenys, s\u00f3n propietat de LANE Casting SL i estan protegits per la legislaci\u00f3 vigent en mat\u00e8ria de propietat intel\u00b7lectual. En cap cas l&#8217;acc\u00e9s al portal per part de l&#8217;usuari li atorga dret sobre aquest contingut, ni tan sols per a la reproducci\u00f3 per a \u00fas personal.<\/p>\n","protected":false},"excerpt":{"rendered":"<p>Informaci\u00f3 Corporativa: En virtut de la Llei 34\/2002, de Serveis de la Societat de la Informaci\u00f3 i Comer\u00e7 Electr\u00f2nic, informem que aquesta Web \u00e9s propietat de LANE Casting SL, amb domicili situat a Rambla Catalunya 14, 7\u00ba 2\u00aa, 08007, Barcelona i adre\u00e7a de correu electr\u00f2nic info@lane-casting.com. Inscrita al Registre Mercantil de Barcelona Protecci\u00f3 de Continguts: [&hellip;]<\/p>\n","protected":false},"author":1,"featured_media":0,"parent":0,"menu_order":5,"comment_status":"closed","ping_status":"closed","template":"template-simple.php","meta":{"footnotes":""},"class_list":["post-80","page","type-page","status-publish","hentry"],"yoast_head":"<!-- This site is optimized with the Yoast SEO plugin v20.9 - https:\/\/yoast.com\/wordpress\/plugins\/seo\/ -->\n<title>Av\u00eds legal - Lane Casting<\/title>\n<meta name=\"robots\" content=\"index, follow, max-snippet:-1, max-image-preview:large, max-video-preview:-1\" \/>\n<link rel=\"canonical\" href=\"https:\/\/lane-casting.eu\/ca\/aviso-legal\/\" \/>\n<meta property=\"og:locale\" content=\"ca_ES\" \/>\n<meta property=\"og:type\" content=\"article\" \/>\n<meta property=\"og:title\" content=\"Av\u00eds legal - Lane Casting\" \/>\n<meta property=\"og:description\" content=\"Informaci\u00f3 Corporativa: En virtut de la Llei 34\/2002, de Serveis de la Societat de la Informaci\u00f3 i Comer\u00e7 Electr\u00f2nic, informem que aquesta Web \u00e9s propietat de LANE Casting SL, amb domicili situat a Rambla Catalunya 14, 7\u00ba 2\u00aa, 08007, Barcelona i adre\u00e7a de correu electr\u00f2nic info@lane-casting.com. Inscrita al Registre Mercantil de Barcelona Protecci\u00f3 de Continguts: [&hellip;]\" \/>\n<meta property=\"og:url\" content=\"https:\/\/lane-casting.eu\/ca\/aviso-legal\/\" \/>\n<meta property=\"og:site_name\" content=\"Lane Casting\" \/>\n<meta property=\"article:modified_time\" content=\"2024-10-02T10:32:22+00:00\" \/>\n<meta name=\"twitter:card\" content=\"summary_large_image\" \/>\n<meta name=\"twitter:label1\" content=\"Est. reading time\" \/>\n\t<meta name=\"twitter:data1\" content=\"1 minute\" \/>\n<script type=\"application\/ld+json\" class=\"yoast-schema-graph\">{\"@context\":\"https:\/\/schema.org\",\"@graph\":[{\"@type\":\"WebPage\",\"@id\":\"https:\/\/lane-casting.eu\/ca\/aviso-legal\/\",\"url\":\"https:\/\/lane-casting.eu\/ca\/aviso-legal\/\",\"name\":\"Av\u00eds legal - Lane Casting\",\"isPartOf\":{\"@id\":\"https:\/\/lane-casting.eu\/#website\"},\"datePublished\":\"2023-01-03T11:31:43+00:00\",\"dateModified\":\"2024-10-02T10:32:22+00:00\",\"breadcrumb\":{\"@id\":\"https:\/\/lane-casting.eu\/ca\/aviso-legal\/#breadcrumb\"},\"inLanguage\":\"ca\",\"potentialAction\":[{\"@type\":\"ReadAction\",\"target\":[\"https:\/\/lane-casting.eu\/ca\/aviso-legal\/\"]}]},{\"@type\":\"BreadcrumbList\",\"@id\":\"https:\/\/lane-casting.eu\/ca\/aviso-legal\/#breadcrumb\",\"itemListElement\":[{\"@type\":\"ListItem\",\"position\":1,\"name\":\"Portada\",\"item\":\"https:\/\/lane-casting.eu\/ca\/\"},{\"@type\":\"ListItem\",\"position\":2,\"name\":\"Av\u00eds legal\"}]},{\"@type\":\"WebSite\",\"@id\":\"https:\/\/lane-casting.eu\/#website\",\"url\":\"https:\/\/lane-casting.eu\/\",\"name\":\"Lane Casting\",\"description\":\"\",\"potentialAction\":[{\"@type\":\"SearchAction\",\"target\":{\"@type\":\"EntryPoint\",\"urlTemplate\":\"https:\/\/lane-casting.eu\/?s={search_term_string}\"},\"query-input\":\"required name=search_term_string\"}],\"inLanguage\":\"ca\"}]}<\/script>\n<!-- \/ Yoast SEO plugin. -->","yoast_head_json":{"title":"Av\u00eds legal - Lane Casting","robots":{"index":"index","follow":"follow","max-snippet":"max-snippet:-1","max-image-preview":"max-image-preview:large","max-video-preview":"max-video-preview:-1"},"canonical":"https:\/\/lane-casting.eu\/ca\/aviso-legal\/","og_locale":"ca_ES","og_type":"article","og_title":"Av\u00eds legal - Lane Casting","og_description":"Informaci\u00f3 Corporativa: En virtut de la Llei 34\/2002, de Serveis de la Societat de la Informaci\u00f3 i Comer\u00e7 Electr\u00f2nic, informem que aquesta Web \u00e9s propietat de LANE Casting SL, amb domicili situat a Rambla Catalunya 14, 7\u00ba 2\u00aa, 08007, Barcelona i adre\u00e7a de correu electr\u00f2nic info@lane-casting.com. Inscrita al Registre Mercantil de Barcelona Protecci\u00f3 de Continguts: [&hellip;]","og_url":"https:\/\/lane-casting.eu\/ca\/aviso-legal\/","og_site_name":"Lane Casting","article_modified_time":"2024-10-02T10:32:22+00:00","twitter_card":"summary_large_image","twitter_misc":{"Est. reading time":"1 minute"},"schema":{"@context":"https:\/\/schema.org","@graph":[{"@type":"WebPage","@id":"https:\/\/lane-casting.eu\/ca\/aviso-legal\/","url":"https:\/\/lane-casting.eu\/ca\/aviso-legal\/","name":"Av\u00eds legal - Lane Casting","isPartOf":{"@id":"https:\/\/lane-casting.eu\/#website"},"datePublished":"2023-01-03T11:31:43+00:00","dateModified":"2024-10-02T10:32:22+00:00","breadcrumb":{"@id":"https:\/\/lane-casting.eu\/ca\/aviso-legal\/#breadcrumb"},"inLanguage":"ca","potentialAction":[{"@type":"ReadAction","target":["https:\/\/lane-casting.eu\/ca\/aviso-legal\/"]}]},{"@type":"BreadcrumbList","@id":"https:\/\/lane-casting.eu\/ca\/aviso-legal\/#breadcrumb","itemListElement":[{"@type":"ListItem","position":1,"name":"Portada","item":"https:\/\/lane-casting.eu\/ca\/"},{"@type":"ListItem","position":2,"name":"Av\u00eds legal"}]},{"@type":"WebSite","@id":"https:\/\/lane-casting.eu\/#website","url":"https:\/\/lane-casting.eu\/","name":"Lane Casting","description":"","potentialAction":[{"@type":"SearchAction","target":{"@type":"EntryPoint","urlTemplate":"https:\/\/lane-casting.eu\/?s={search_term_string}"},"query-input":"required name=search_term_string"}],"inLanguage":"ca"}]}},"_links":{"self":[{"href":"https:\/\/lane-casting.eu\/ca\/wp-json\/wp\/v2\/pages\/80","targetHints":{"allow":["GET"]}}],"collection":[{"href":"https:\/\/lane-casting.eu\/ca\/wp-json\/wp\/v2\/pages"}],"about":[{"href":"https:\/\/lane-casting.eu\/ca\/wp-json\/wp\/v2\/types\/page"}],"author":[{"embeddable":true,"href":"https:\/\/lane-casting.eu\/ca\/wp-json\/wp\/v2\/users\/1"}],"replies":[{"embeddable":true,"href":"https:\/\/lane-casting.eu\/ca\/wp-json\/wp\/v2\/comments?post=80"}],"version-history":[{"count":7,"href":"https:\/\/lane-casting.eu\/ca\/wp-json\/wp\/v2\/pages\/80\/revisions"}],"predecessor-version":[{"id":199,"href":"https:\/\/lane-casting.eu\/ca\/wp-json\/wp\/v2\/pages\/80\/revisions\/199"}],"wp:attachment":[{"href":"https:\/\/lane-casting.eu\/ca\/wp-json\/wp\/v2\/media?parent=80"}],"curies":[{"name":"wp","href":"https:\/\/api.w.org\/{rel}","templated":true}]}}